{"id":2,"date":"2018-11-22T16:07:18","date_gmt":"2018-11-22T16:07:18","guid":{"rendered":"http:\/\/aroe.es\/?page_id=2"},"modified":"2026-03-26T14:46:36","modified_gmt":"2026-03-26T14:46:36","slug":"editorial","status":"publish","type":"page","link":"https:\/\/aroe.es\/index.php\/editorial\/","title":{"rendered":""},"content":{"rendered":"<p><strong>aroe<\/strong> es una editorial independiente creada en el a\u00f1o 2024.<\/p>\n<p>Edita publicaciones propias y colabora con empresas e instituciones en trabajos de asesoramiento, comisariado y dise\u00f1o editorial.<\/p>\n<p>La l\u00ednea editorial principal se centra en la investigaci\u00f3n y divulgaci\u00f3n del patrimonio arquitect\u00f3nico.<\/p>\n<p><a href=\"https:\/\/aroe.es\/index.php\/contacto\/\">Contactar<\/a><\/p>\n","protected":false},"excerpt":{"rendered":"<p>aroe es una editorial independiente creada en el a\u00f1o 2024. Edita publicaciones propias y colabora con empresas e instituciones en trabajos de asesoramiento, comisariado y dise\u00f1o editorial. La l\u00ednea editorial principal se centra en la investigaci\u00f3n y divulgaci\u00f3n del patrimonio arquitect\u00f3nico. Contactar<\/p>\n","protected":false},"author":1,"featured_media":0,"parent":0,"menu_order":0,"comment_status":"closed","ping_status":"open","template":"","meta":{"footnotes":""},"class_list":["post-2","page","type-page","status-publish","hentry"],"_links":{"self":[{"href":"https:\/\/aroe.es\/index.php\/wp-json\/wp\/v2\/pages\/2","targetHints":{"allow":["GET"]}}],"collection":[{"href":"https:\/\/aroe.es\/index.php\/wp-json\/wp\/v2\/pages"}],"about":[{"href":"https:\/\/aroe.es\/index.php\/wp-json\/wp\/v2\/types\/page"}],"author":[{"embeddable":true,"href":"https:\/\/aroe.es\/index.php\/wp-json\/wp\/v2\/users\/1"}],"replies":[{"embeddable":true,"href":"https:\/\/aroe.es\/index.php\/wp-json\/wp\/v2\/comments?post=2"}],"version-history":[{"count":25,"href":"https:\/\/aroe.es\/index.php\/wp-json\/wp\/v2\/pages\/2\/revisions"}],"predecessor-version":[{"id":5493,"href":"https:\/\/aroe.es\/index.php\/wp-json\/wp\/v2\/pages\/2\/revisions\/5493"}],"wp:attachment":[{"href":"https:\/\/aroe.es\/index.php\/wp-json\/wp\/v2\/media?parent=2"}],"curies":[{"name":"wp","href":"https:\/\/api.w.org\/{rel}","templated":true}]}}